{"id":1521,"date":"2024-04-19T17:50:27","date_gmt":"2024-04-19T17:50:27","guid":{"rendered":"https:\/\/loja.luckcard.com.br\/?post_type=product&#038;p=1521"},"modified":"2025-07-05T21:09:22","modified_gmt":"2025-07-06T01:09:22","slug":"luck-card-dental-help-3-0-titular-mensal-taxa-de-adesao","status":"publish","type":"product","link":"https:\/\/luckcard.com.br\/lojaweb\/product\/luck-card-dental-help-3-0-titular-mensal-taxa-de-adesao\/","title":{"rendered":"Titular &#8211; Luck Card Dental HELP 3.0 &#8211; Mensal (Taxa de ades\u00e3o)"},"content":{"rendered":"<h3><span style=\"font-size: medium; color: #993300;\"><b>PARA TODOS OS USU\u00c1RIOS DO CART\u00c3O DE DESCONTO.<\/b><\/span><\/h3>\n<p><strong><span style=\"color: #ea7500;\"><span style=\"font-size: medium;\">URG\u00caNCIA ODONTOL\u00d3GICA 24H<\/span><\/span><\/strong><\/p>\n<p>\u2013 <span style=\"font-size: medium;\">Situa\u00e7\u00f5es de dor de dente intensa, sangramento ou trauma (de baixa complexidade) onde demandam aten\u00e7\u00e3o imediata do dentista, inclusive ocorrido fora do hor\u00e1rio regular de consult\u00f3rio.<\/span><\/p>\n<p>&nbsp;<\/p>\n<p><strong><span style=\"font-size: medium; color: #800000;\">TITULAR (18 a 70 anos)\u00a0<\/span><\/strong><\/p>\n<p><strong><span style=\"color: #ea7500;\"><span style=\"font-size: medium;\">ASSIST\u00caNCIA FUNERAL R$ 3.000,00<\/span><\/span><\/strong><\/p>\n<p>\u2013 <span style=\"font-size: medium;\">\u00c9 um servi\u00e7o oferecido por parceiro ACSS, para ajudar os familiares\u00a0 com os aspectos pr\u00e1ticos e financeiros do funeral. Isso pode incluir transporte, prepara\u00e7\u00e3o do funeral, fornecimento de caix\u00e3o,\u00a0 e outros servi\u00e7os relacionados ao processo de sepultamento ou crema\u00e7\u00e3o. A assist\u00eancia funeral visa proporcionar apoio emocional e financeiro durante um momento dif\u00edcil, aliviando os encargos e preocupa\u00e7\u00f5es dos familiares enlutados.<\/span><\/p>\n<p>&nbsp;<\/p>\n<p><strong><span style=\"font-size: medium; color: #ff6600;\">B\u00d4NUS &#8211; SORTEIO MENSAL R$ 10.000,00<\/span><\/strong><\/p>\n<p>\u2013 <span style=\"font-size: medium;\">Conforme previsto no cart\u00e3o de desconto, cada Associado Titular receber\u00e1 1 (um) n\u00famero da sorte, informado na tela inicial do seu aplicativo de celular (app) ou site,\u00a0 que ir\u00e1 habilit\u00e1-lo a concorrer mensalmente a 1 (um) sorteio pela Loteria Federal do Brasil. Os sorteios ser\u00e3o realizados no \u00faltimo s\u00e1bado do m\u00eas subsequente ao do vencimento da mensalidade.<\/span><\/p>\n<p>&nbsp;<\/p>\n<p><span style=\"font-size: medium; color: #800000;\"><b>C\u00d4NJUGE E FILHOS \/ ENTEADOS<strong>\u00a0menores 18 anos\u00a0<\/strong><\/b><\/span><\/p>\n<p class=\"western\"><strong><span style=\"color: #ea7500;\"><span style=\"font-size: medium;\">ASSIST\u00caNCIA FUNERAL R$ 3.000,00<\/span><\/span><\/strong><\/p>\n<p>&nbsp;<\/p>\n<h3 class=\"western\"><span style=\"font-size: medium; color: #800000;\">Tipo de P\u00fablico<\/span><\/h3>\n<div class=\"tab-content\">\n<div id=\"tab_description\" class=\"tab-pane fade show active\" role=\"tabpanel\" aria-labelledby=\"nav_desctiption\">\n<p>Titular + dependentes (c\u00f4njuge, filhos e\/ou enteados)<\/p>\n<p><strong>Cart\u00e3o individual &#8211; Cobran\u00e7a mensal ou anual\u00a0 <\/strong>(Para pagamento anual, consulte o seu corretor)<\/p>\n<ul>\n<li>Taxa de ades\u00e3o titular:\u00a0<strong>R$ 14,09<\/strong><\/li>\n<li>Mensalidade titular:\u00a0<strong>R$ 14,09<\/strong><\/li>\n<li>Taxa de ades\u00e3o dependente:\u00a0<strong>R$ 7,05<\/strong><\/li>\n<li>Mensalidade por dependente:\u00a0<strong>R$ 7,05<\/strong><\/li>\n<\/ul>\n<\/div>\n<div id=\"tab_review\" class=\"tab-pane fade\" role=\"tabpanel\" aria-labelledby=\"nav_review\">\n<div class=\"product-review\">\n<div class=\"comments-container\">\n<p class=\"text-center\">\n<\/div>\n<\/div>\n<\/div>\n<div id=\"tab_question\" class=\"tab-pane fade\" role=\"tabpanel\" aria-labelledby=\"nav_question\">\n<p>&nbsp;<\/p>\n<div class=\"product-review\">\n<div class=\"coments-container\">\n<hr class=\"mt-5\" \/>\n<form class=\"question-form\" action=\"https:\/\/loja.luckcard.com.br\/product\/mensalidade-help-30-titular-0\/question\/submit\/\" method=\"POST\">\n<h2><\/h2>\n<div class=\"form-group row\">\n<div class=\"col\"><label class=\"col-form-label\"><\/label><textarea class=\"form-control\" name=\"description\" required=\"\"><\/textarea><\/div>\n<\/div>\n<div class=\"buttons d-flex justify-content-end\"><\/div>\n<\/form>\n<\/div>\n<\/div>\n<\/div>\n<\/div>\n<div class=\"product-wrapper fix pb-70\"><\/div>\n","protected":false},"excerpt":{"rendered":"<div class=\"elementor-slide-heading\">Pensando em facilidade?<\/div>\n<div class=\"elementor-slide-description\"><strong>Com Luck Card Dental HELP 3.0, voc\u00ea conta com urg\u00eancia odontol\u00f3gica e funeral 24 horas<\/strong><\/div>\n<div><\/div>\n<div><strong>Cart\u00e3o de Assinatura Mensal &#8211; Titular<\/strong><\/div>\n<h4><strong><span style=\"color: #ff9900;\">Obs: Caso tenha dependentes, fa\u00e7a tamb\u00e9m a assinatura do cart\u00e3o &#8211; dependentes.\u00a0<\/span><\/strong><\/h4>\n","protected":false},"featured_media":1768,"comment_status":"open","ping_status":"closed","template":"","meta":[],"product_brand":[],"product_cat":[23,40,58,29,30],"product_tag":[],"class_list":{"0":"post-1521","1":"product","2":"type-product","3":"status-publish","4":"has-post-thumbnail","6":"product_cat-assinaturas","7":"product_cat-assinaturashelp","8":"product_cat-assinaturas-help-3-0","9":"product_cat-cartoes","10":"product_cat-luck-card-help","12":"first","13":"instock","14":"virtual","15":"purchasable","16":"product-type-bundle"},"bundled_by":[],"bundle_stock_status":"instock","bundle_stock_quantity":"","bundle_virtual":true,"bundle_layout":"tabular","bundle_add_to_cart_form_location":"default","bundle_editable_in_cart":true,"bundle_sold_individually_context":"product","bundle_item_grouping":"noindent","bundle_min_size":"","bundle_max_size":"","bundle_price":{"price":{"min":{"incl_tax":"14.09","excl_tax":"14.09"},"max":{"incl_tax":"","excl_tax":""}},"regular_price":{"min":{"incl_tax":"14.09","excl_tax":"14.09"},"max":{"incl_tax":"","excl_tax":""}}},"bundled_items":[{"bundled_item_id":29,"product_id":1518,"menu_order":0,"quantity_min":0,"quantity_max":"","quantity_default":0,"priced_individually":true,"shipped_individually":false,"override_title":false,"title":"Dependente - Luck Card Dental HELP 3.0 - Mensal (Taxa de ades\u00e3o)","override_description":false,"description":"","optional":false,"hide_thumbnail":false,"discount":"","override_variations":false,"allowed_variations":[],"override_default_variation_attributes":false,"default_variation_attributes":[],"single_product_visibility":"visible","cart_visibility":"visible","order_visibility":"visible","single_product_price_visibility":"visible","cart_price_visibility":"visible","order_price_visibility":"visible","stock_status":"in_stock"}],"bundle_sell_ids":[],"_links":{"self":[{"href":"https:\/\/luckcard.com.br\/lojaweb\/wp-json\/wp\/v2\/product\/1521","targetHints":{"allow":["GET"]}}],"collection":[{"href":"https:\/\/luckcard.com.br\/lojaweb\/wp-json\/wp\/v2\/product"}],"about":[{"href":"https:\/\/luckcard.com.br\/lojaweb\/wp-json\/wp\/v2\/types\/product"}],"replies":[{"embeddable":true,"href":"https:\/\/luckcard.com.br\/lojaweb\/wp-json\/wp\/v2\/comments?post=1521"}],"wp:featuredmedia":[{"embeddable":true,"href":"https:\/\/luckcard.com.br\/lojaweb\/wp-json\/wp\/v2\/media\/1768"}],"wp:attachment":[{"href":"https:\/\/luckcard.com.br\/lojaweb\/wp-json\/wp\/v2\/media?parent=1521"}],"wp:term":[{"taxonomy":"product_brand","embeddable":true,"href":"https:\/\/luckcard.com.br\/lojaweb\/wp-json\/wp\/v2\/product_brand?post=1521"},{"taxonomy":"product_cat","embeddable":true,"href":"https:\/\/luckcard.com.br\/lojaweb\/wp-json\/wp\/v2\/product_cat?post=1521"},{"taxonomy":"product_tag","embeddable":true,"href":"https:\/\/luckcard.com.br\/lojaweb\/wp-json\/wp\/v2\/product_tag?post=1521"}],"curies":[{"name":"wp","href":"https:\/\/api.w.org\/{rel}","templated":true}]}}